{"id":1480,"date":"2013-11-06T20:11:18","date_gmt":"2013-11-07T01:11:18","guid":{"rendered":"http:\/\/vocalys.ca\/v2\/?page_id=1480"},"modified":"2021-07-19T10:57:59","modified_gmt":"2021-07-19T15:57:59","slug":"dossier-de-presse-2011","status":"publish","type":"page","link":"https:\/\/vocalys.ca\/v2\/dossier-de-presse-2011","title":{"rendered":"Dossier de Presse &#8211; 2011"},"content":{"rendered":"<p><b>14 d\u00e9cembre 2011(Le Nouvelliste)<\/b><br \/>\n<a href=\"http:\/\/www.cyberpresse.ca\/le-nouvelliste\/arts-spectacles\/201112\/14\/01-4477673-leglise-sainte-cecile-revit.php?utm_categorieinterne=trafficdrivers&amp;utm_contenuinterne=cyberpresse_B13b_arts-spectacles_456_section_POS1\" target=\"_blank\" rel=\"noopener\">L&rsquo;\u00e9glise Sainte-C\u00e9cile revit |Fran\u00e7ois Houde|<\/a><\/p>\n<p><b>25 novembre 2011(Le Nouvelliste)<\/b><br \/>\n<a href=\"http:\/\/www.cyberpresse.ca\/le-nouvelliste\/arts-spectacles\/201111\/25\/01-4471430-huit-choeurs-resonneront-a-leglise-sainte-cecile.php\" target=\"_blank\" rel=\"noopener\">Huit choeurs r\u00e9sonneront \u00e0 l&rsquo;\u00e9glise Sainte-C\u00e9cile | Marie-Jos\u00e9e Montminy|<\/a><\/p>\n<p><b>24 novembre 2011 (L&rsquo;\u00c9cho de Trois-Rivi\u00e8res)<\/b><br \/>\n<a href=\"http:\/\/lechodetroisrivieres.canoe.ca\/webapp\/sitepages\/content.asp?contentid=216357&amp;id=3086&amp;classif=Nouvelles\" target=\"_blank\" rel=\"noopener\">\u00ab L\u2019\u00e9glise r\u00e9sonnera comme un grand vaisseau \u00bb|Guillaume Jacob|<\/a><\/p>\n<p><b>24 novembre 2011 (L&rsquo;Hebdo Journal)<\/b><br \/>\n<a href=\"http:\/\/www.lhebdojournal.com\/Culture\/Activit%C3%A9s%20culturelles\/2011-11-24\/article-2814564\/Cest-du-jamais-vu\/1\" target=\"_blank\" rel=\"noopener\">\u00ab C&rsquo;est du jamais vu \u00bb |Marie-\u00c8ve Bourgoing-Alarie|<\/a><\/p>\n<p><b>Novembre 2011 (Carrefour Tourisme)<\/b><br \/>\n<a href=\"http:\/\/www.troisrivieresplus.net\/content\/Informations.asp?ID=1100\" target=\"_blank\" rel=\"noopener\">Concert-b\u00e9n\u00e9fice Gloire \u00e0 nos athl\u00e8tes | Andr\u00e9 Bouchard |<\/a><\/p>\n<p><b>1er novembre 2011<\/b><br \/>\n<a href=\"http:\/\/www.culture.v3r.net\/doc_uploads\/v3r\/culture\/documents\/Espace%20culturel_novembre.pdf\" target=\"_blank\" rel=\"noopener\">Espace culturel = novembre 2011 page 21<\/a><\/p>\n<p><b>28 octobre 2011 (Le Nouvelliste)<\/b><br \/>\n<a href=\"http:\/\/www.cyberpresse.ca\/le-nouvelliste\/arts-spectacles\/201110\/28\/01-4462053-vocalys-rend-hommage-aux-batisseurs.php\" target=\"_blank\" rel=\"noopener\">Vocalys rend hommage aux b\u00e2tisseurs | Marie-Jos\u00e9e Montminy |\u00a0<\/a><\/p>\n<p><b>27 octobre 2011 (L&rsquo;\u00c9cho de Trois-Rivi\u00e8res)<\/b><br \/>\n<a href=\"http:\/\/lechodetroisrivieres.canoe.ca\/webapp\/sitepages\/content.asp?contentid=212087&amp;id=3094&amp;classif=Nouvelles\" target=\"_blank\" rel=\"noopener\">L&rsquo;Ensemble Vocalys rendra hommage aux b\u00e2tisseurs | Guillaume Jacob |\u00a0<\/a><\/p>\n<p><b>27 octobre 2011 (L&rsquo;Hebdo Journal)<\/b><br \/>\n<a href=\"http:\/\/www.lhebdojournal.com\/Culture\/Arts%20et%20spectacles\/2011-10-27\/article-2787971\/Vocalys-la-saison-des-gloires\/1\" target=\"_blank\" rel=\"noopener\">Vocalys:la saison des gloires! | Marie-\u00c8ve Bourgoing-Alarie |<\/a><\/p>\n<p><b>9 juin 2011 (Voir)<\/b><br \/>\n<a href=\"http:\/\/www.voir.ca\/publishing\/article.aspx?zone=4&amp;section=6&amp;article=77316\" target=\"_blank\" rel=\"noopener\">Vocalys &#8211; Juste pour le plaisir | Marjolaine Arcand |<\/a><\/p>\n<p><b>2 juin 2011 (Le Nouvelliste)<\/b><br \/>\n<a href=\"http:\/\/www.cyberpresse.ca\/le-nouvelliste\/arts-spectacles\/201106\/02\/01-4405265-centre-ville-de-trois-rivieres-lart-debarque-dans-la-rue.php\" target=\"_blank\" rel=\"noopener\">Centre-ville de Trois-Rivi\u00e8res: l&rsquo;art d\u00e9barque dans la rue | Marie-Jos\u00e9e Montminy |\u00a0<\/a><\/p>\n<p><b>1er juin 2011 (L&rsquo;Hebdo Journal)<\/b><br \/>\n<a href=\"http:\/\/www.lhebdojournal.com\/Culture\/Activites-culturelles\/2011-06-01\/article-2551057\/Que-le-spectacle-commence%21\/1\" target=\"_blank\" rel=\"noopener\">Que le spectacle commence! | Marie-\u00c8ve Bourgoing-Alarie |<\/a><\/p>\n<p><b>Juin 2011<\/b><br \/>\n<a href=\"http:\/\/www.vocalys.ca\/pdf\/EC2011-06.pdf\" target=\"_blank\" rel=\"noopener\">Espace culturel<\/a><\/p>\n<p><b>24 mai 2011<\/b><br \/>\n<a href=\"http:\/\/www.vocalys.ca\/pdf\/IMHT1.pdf\" target=\"_blank\" rel=\"noopener\">In Memoriam \u2014 H\u00e9l\u00e8ne Thibaux \u2014 18 mai 2011<\/a><\/p>\n<p><b>18 mai 2011 (Le Nouvelliste)<\/b><br \/>\n<a href=\"http:\/\/www.cyberpresse.ca\/le-nouvelliste\/arts-spectacles\/201105\/18\/01-4400535-celebration-reussie-pour-honorer-les-artistes.php\" target=\"_blank\" rel=\"noopener\">C\u00e9l\u00e9bration r\u00e9ussie pour honorer les artistes | Linda Corbo |<\/a><\/p>\n<p><b>17 mai 2011 (L&rsquo;Hebdo Journal)<\/b><br \/>\n<a href=\"http:\/\/www.lhebdojournal.com\/Culture\/Activites-culturelles\/2011-05-17\/article-2513585\/La-culture-recompensee\/1\" target=\"_blank\" rel=\"noopener\">La culture r\u00e9compens\u00e9e<\/a><\/p>\n<p><b>02 mai 2011 (Le Nouvelliste)<\/b><br \/>\n<a href=\"http:\/\/www.cyberpresse.ca\/le-nouvelliste\/arts-spectacles\/201105\/02\/01-4395238-vocalys-une-cloture-en-beaute-et-en-emotions.php\" target=\"_blank\" rel=\"noopener\">Vocalys: une cl\u00f4ture en beaut\u00e9 et en \u00e9motions | Fran\u00e7ois Houde |<\/a><\/p>\n<p><b>02 mai 2011 (Le Nouvelliste)<\/b><br \/>\n<a href=\"http:\/\/www.cyberpresse.ca\/le-nouvelliste\/arts-spectacles\/201105\/02\/01-4395242-romeo-dallaire-la-paix-et-la-serenite-par-la-musique.php\" target=\"_blank\" rel=\"noopener\">Rom\u00e9o Dallaire: la paix et la s\u00e9r\u00e9nit\u00e9 par la musique | Fran\u00e7ois Houde |<\/a><\/p>\n<p><b>30 avril 2011 (L&rsquo;Hebdo Journal)<\/b><br \/>\n<a href=\"http:\/\/www.lhebdojournal.com\/Culture\/Arts-et-spectacles\/2011-04-30\/article-2468021\/Apres-la-guerre%2C-la-paix-pour-Vocalys\/1\" target=\"_blank\" rel=\"noopener\">Apr\u00e8s la guerre, la paix pour Vocalys | Marie-\u00c8ve Bourgoing-Alarie |<\/a><\/p>\n<p><b>29 avril 2011 (Radio-Canada &#8211; Chez nous le matin |Anne-Marie Lemay| )<\/b><br \/>\n<a href=\"http:\/\/vocalys.ca\/v2\/wp-content\/uploads\/2015\/04\/Entrevue-SRC-29-avril-2011-R-Perrin-Chez-nous-le-matin.wav\" target=\"_blank\" rel=\"noopener\"> Entrevue 2 SRC Chez nous le matin <\/a><\/p>\n<p><b>26 avril 2011 (Le Nouvelliste)<\/b><br \/>\n<a href=\"http:\/\/www.cyberpresse.ca\/le-nouvelliste\/arts-spectacles\/201104\/26\/01-4393367-vocalys-cloturera-sa-saison-en-presence-du-general-romeo-dallaire.php\" target=\"_blank\" rel=\"noopener\">Vocalys cl\u00f4turera sa saison en pr\u00e9sence du g\u00e9n\u00e9ral Rom\u00e9o Dallaire | Fran\u00e7ois Houde |<\/a><\/p>\n<p>27 avril 2011 (La Vie en Mauricie)<a href=\"https:\/\/www.youtube.com\/watch?v=ybi1Eu_4rd8\" target=\"_blank\" rel=\"noopener\">Entrevue Catherine Brisson et Raymond Perrin<\/a><\/p>\n<p><b>26 avril 2011 (Le Nouvelliste)<\/b><br \/>\n<a href=\"http:\/\/www.cyberpresse.ca\/le-nouvelliste\/arts-spectacles\/201104\/26\/01-4393367-vocalys-cloturera-sa-saison-en-presence-du-general-romeo-dallaire.php\" target=\"_blank\" rel=\"noopener\">Vocalys cl\u00f4turera sa saison en pr\u00e9sence du g\u00e9n\u00e9ral Rom\u00e9o Dallaire | Fran\u00e7ois Houde |<\/a><\/p>\n<p><b>6 avril 2011 (Corporation de d\u00e9veloppement culturel de Trois-Rivi\u00e8res)<\/b><br \/>\n<a href=\"http:\/\/www.vocalys.ca\/pdf\/CPLPP.pdf\" target=\"_blank\" rel=\"noopener\">Vocalys: Finaliste aux Grands Prix culturels (arts de la sc\u00e8ne)<\/a><\/p>\n<p><b>8 f\u00e9vrier 2011 (Le Nouvelliste)<\/b><br \/>\n<a href=\"http:\/\/www.cyberpresse.ca\/le-nouvelliste\/arts-spectacles\/201102\/08\/01-4368017-vocalys-et-bach.php\" target=\"_blank\" rel=\"noopener\">Vocalys et Bach | Fran\u00e7ois Houde |\u00a0<\/a><\/p>\n<p><b>3 f\u00e9vrier 2011 (Le Nouvelliste)<\/b><br \/>\n<a href=\"http:\/\/www.cyberpresse.ca\/le-nouvelliste\/arts-spectacles\/201102\/03\/01-4366521-la-vie-selon-bach.php\" target=\"_blank\" rel=\"noopener\">La vie, selon Bach | Fran\u00e7ois Houde |\u00a0<\/a><\/p>\n<p><b>28 janvier 2011 (Le Nouvelliste)<\/b><br \/>\n<a href=\"http:\/\/www.cyberpresse.ca\/le-nouvelliste\/arts-spectacles\/201101\/28\/01-4364535-la-maitrise-du-cap-en-europe-un-concert-des-anciens-pour-financer-la-tournee.php\" target=\"_blank\" rel=\"noopener\">La Ma\u00eetrise du Cap en Europe: un concert des anciens pour financer la tourn\u00e9e<br \/>\n[Claire Bisaillon et M\u00e9lissa Brouillette aussi de Vocalys] | Marie-Jos\u00e9e Montminy |<\/a><\/p>\n<p><b>14 janvier 2011 (Le Nouvelliste)<\/b><br \/>\n<a href=\"http:\/\/www.vocalys.ca\/pdf\/EnfantProdigue.pdf\" target=\"_blank\" rel=\"noopener\">L&rsquo;enfant prodigue | Fran\u00e7ois Houde |<\/a><\/p>\n<p><b>14 janvier 2011 (Le Nouvelliste)<\/b><br \/>\n<a href=\"http:\/\/www.cyberpresse.ca\/le-nouvelliste\/week-end\/201101\/14\/01-4360362-philippe-sly-une-voie-toute-tracee.php?utm_categorieinterne=trafficdrivers&amp;utm_contenuinterne=cyberpresse_B2_\" target=\"_blank\" rel=\"noopener\">Philippe Sly: Une voie toute trac\u00e9e | Fran\u00e7ois Houde |<\/a><\/p>\n<p><b>5 janvier 2011 (Le Nouvelliste)<\/b><br \/>\n<a href=\"http:\/\/www.cyberpresse.ca\/le-nouvelliste\/actualites\/201101\/05\/01-4357254-robert-aubin-fait-le-saut-avec-le-npd.php\" target=\"_blank\" rel=\"noopener\">Robert Aubin fait le saut avec le NPD | Louise Plante |\u00a0<\/a><\/p>\n","protected":false},"excerpt":{"rendered":"<p>14 d\u00e9cembre 2011(Le Nouvelliste) L&rsquo;\u00e9glise Sainte-C\u00e9cile revit |Fran\u00e7ois Houde| 25 novembre 2011(Le Nouvelliste) Huit choeurs r\u00e9sonneront \u00e0 l&rsquo;\u00e9glise Sainte-C\u00e9cile | Marie-Jos\u00e9e Montminy| 24 novembre 2011 (L&rsquo;\u00c9cho de Trois-Rivi\u00e8res) \u00ab L\u2019\u00e9glise r\u00e9sonnera comme un grand vaisseau \u00bb|Guillaume Jacob| 24 novembre 2011 (L&rsquo;Hebdo Journal) \u00ab C&rsquo;est du jamais vu \u00bb |Marie-\u00c8ve Bourgoing-Alarie| Novembre 2011 (Carrefour Tourisme) Concert-b\u00e9n\u00e9fice<\/p>\n","protected":false},"author":1,"featured_media":0,"parent":0,"menu_order":0,"comment_status":"closed","ping_status":"open","template":"","meta":[],"_links":{"self":[{"href":"https:\/\/vocalys.ca\/v2\/wp-json\/wp\/v2\/pages\/1480"}],"collection":[{"href":"https:\/\/vocalys.ca\/v2\/wp-json\/wp\/v2\/pages"}],"about":[{"href":"https:\/\/vocalys.ca\/v2\/wp-json\/wp\/v2\/types\/page"}],"author":[{"embeddable":true,"href":"https:\/\/vocalys.ca\/v2\/wp-json\/wp\/v2\/users\/1"}],"replies":[{"embeddable":true,"href":"https:\/\/vocalys.ca\/v2\/wp-json\/wp\/v2\/comments?post=1480"}],"version-history":[{"count":10,"href":"https:\/\/vocalys.ca\/v2\/wp-json\/wp\/v2\/pages\/1480\/revisions"}],"predecessor-version":[{"id":4345,"href":"https:\/\/vocalys.ca\/v2\/wp-json\/wp\/v2\/pages\/1480\/revisions\/4345"}],"wp:attachment":[{"href":"https:\/\/vocalys.ca\/v2\/wp-json\/wp\/v2\/media?parent=1480"}],"curies":[{"name":"wp","href":"https:\/\/api.w.org\/{rel}","templated":true}]}}